{"id":902,"date":"2022-10-21T11:25:43","date_gmt":"2022-10-21T09:25:43","guid":{"rendered":"https:\/\/eurisa.eu\/?page_id=902"},"modified":"2022-10-21T11:25:43","modified_gmt":"2022-10-21T09:25:43","slug":"politique-de-cookies-2","status":"publish","type":"page","link":"https:\/\/eurisa.eu\/fr\/politique-de-cookies-2\/","title":{"rendered":"Politique de cookies"},"content":{"rendered":"<p><strong>Politique de cookies<\/strong><\/p>\n<p align=\"justify\">Par le biais de ce site Internet, aucune donn\u00e9e personnelle n\u2019est collect\u00e9e aupr\u00e8s des utilisateurs \u00e0 leur insu, ni c\u00e9d\u00e9e \u00e0 des tiers.<br \/>\nAfin de vous offrir le meilleur service et afin de faciliter l\u2019utilisation, le nombre de pages visit\u00e9es, le nombre de visites, ainsi que l\u2019activit\u00e9 des visiteurs et leur fr\u00e9quence d\u2019utilisation sont analys\u00e9s. \u00c0 ces fins, la soci\u00e9t\u00e9\u00a0<strong>EUROAFRICANA DE INTERCAMBIOS, S.A.<\/strong>\u00a0utilise les informations statistiques pr\u00e9par\u00e9es par le fournisseur de services Internet.<\/p>\n<p align=\"justify\">La soci\u00e9t\u00e9\u00a0<strong>EUROAFRICANA DE INTERCAMBIOS, S.A.<\/strong>\u00a0n\u2019utilise pas de cookies pour collecter des informations aupr\u00e8s des utilisateurs, ni n\u2019enregistre les adresses IP d\u2019acc\u00e8s.<br \/>\nSeuls les cookies de session propres sont utilis\u00e9s \u00e0 des fins techniques (ceux qui permettent \u00e0 l\u2019utilisateur de naviguer sur le site Web et d\u2019utiliser les diff\u00e9rentes options et services qui y existent).<\/p>\n<p align=\"justify\">Le portail de la soci\u00e9t\u00e9\u00a0<strong>EUROAFRICANA DE INTERCAMBIOS, S.A.<\/strong>\u00a0contient des liens vers des sites Web tiers, dont les politiques de confidentialit\u00e9 ne sont pas li\u00e9es \u00e0 cette soci\u00e9t\u00e9. En acc\u00e9dant \u00e0 ces sites Web, vous pouvez d\u00e9cider d\u2019accepter ou non leurs politiques de confidentialit\u00e9 et de cookies. De mani\u00e8re g\u00e9n\u00e9rale, si vous naviguez sur Internet vous pouvez accepter ou refuser les cookies tiers depuis les options de configuration de votre navigateur.<\/p>\n","protected":false},"excerpt":{"rendered":"<p>Politique de cookies Par le biais de ce site Internet, aucune donn\u00e9e personnelle n\u2019est collect\u00e9e aupr\u00e8s des utilisateurs \u00e0 leur insu, ni c\u00e9d\u00e9e \u00e0 des tiers. Afin de vous offrir le meilleur service et afin de faciliter l\u2019utilisation, le nombre de pages visit\u00e9es, le nombre de visites, ainsi que l\u2019activit\u00e9 des visiteurs et leur fr\u00e9quence d\u2019utilisation sont analys\u00e9s. \u00c0 ces fins, la soci\u00e9t\u00e9\u00a0EUROAFRICANA DE INTERCAMBIOS, S.A.\u00a0utilise les informations statistiques pr\u00e9par\u00e9es par le fournisseur de services Internet. La soci\u00e9t\u00e9\u00a0EUROAFRICANA DE INTERCAMBIOS, S.A.\u00a0n\u2019utilise pas de cookies pour collecter des informations aupr\u00e8s des utilisateurs, ni n\u2019enregistre les adresses IP d\u2019acc\u00e8s. Seuls les cookies de session propres sont utilis\u00e9s \u00e0 des fins techniques (ceux qui permettent \u00e0 l\u2019utilisateur de naviguer sur le site Web et d\u2019utiliser les diff\u00e9rentes options et services qui y existent). Le portail de la soci\u00e9t\u00e9\u00a0EUROAFRICANA DE INTERCAMBIOS, S.A.\u00a0contient des liens vers des sites Web tiers, dont les politiques de confidentialit\u00e9 ne sont pas li\u00e9es \u00e0 cette soci\u00e9t\u00e9. En acc\u00e9dant \u00e0 ces sites Web, vous pouvez d\u00e9cider d\u2019accepter ou non leurs politiques de confidentialit\u00e9 et de cookies. De mani\u00e8re g\u00e9n\u00e9rale, si vous naviguez sur Internet vous pouvez accepter ou refuser les cookies tiers depuis les options de configuration de votre navigateur.<\/p>\n","protected":false},"author":1,"featured_media":0,"parent":0,"menu_order":0,"comment_status":"closed","ping_status":"closed","template":"","meta":{"footnotes":""},"_links":{"self":[{"href":"https:\/\/eurisa.eu\/fr\/wp-json\/wp\/v2\/pages\/902"}],"collection":[{"href":"https:\/\/eurisa.eu\/fr\/wp-json\/wp\/v2\/pages"}],"about":[{"href":"https:\/\/eurisa.eu\/fr\/wp-json\/wp\/v2\/types\/page"}],"author":[{"embeddable":true,"href":"https:\/\/eurisa.eu\/fr\/wp-json\/wp\/v2\/users\/1"}],"replies":[{"embeddable":true,"href":"https:\/\/eurisa.eu\/fr\/wp-json\/wp\/v2\/comments?post=902"}],"version-history":[{"count":1,"href":"https:\/\/eurisa.eu\/fr\/wp-json\/wp\/v2\/pages\/902\/revisions"}],"predecessor-version":[{"id":903,"href":"https:\/\/eurisa.eu\/fr\/wp-json\/wp\/v2\/pages\/902\/revisions\/903"}],"wp:attachment":[{"href":"https:\/\/eurisa.eu\/fr\/wp-json\/wp\/v2\/media?parent=902"}],"curies":[{"name":"wp","href":"https:\/\/api.w.org\/{rel}","templated":true}]}}